{"id":17919,"date":"2024-04-16T02:39:11","date_gmt":"2024-04-16T02:39:11","guid":{"rendered":"https:\/\/treutravel.com\/contact-us\/"},"modified":"2025-12-09T08:46:17","modified_gmt":"2025-12-09T08:46:17","slug":"iletisim","status":"publish","type":"page","link":"https:\/\/treutravel.com\/tr\/iletisim\/","title":{"rendered":"\u0130leti\u015fim"},"content":{"rendered":"\t\t<div data-elementor-type=\"wp-page\" data-elementor-id=\"17919\" class=\"elementor elementor-17919 elementor-173\">\n\t\t\t\t        <section class=\"elementor-section elementor-top-section elementor-element elementor-element-4fa7a93 elementor-section-stretched elementor-section-boxed elementor-section-height-default elementor-section-height-default pxl-row-scroll-none pxl-zoom-point-false pxl-section-overflow-visible\" data-id=\"4fa7a93\" data-element_type=\"section\" data-settings=\"{&quot;stretch_section&quot;:&quot;section-stretched&quot;,&quot;background_background&quot;:&quot;classic&quot;}\">\n\n                            <div class=\"elementor-background-overlay\"><\/div>\n            \n                <div class=\"elementor-container elementor-column-gap-extended \">\n                <div class=\"elementor-column elementor-col-100 elementor-top-column elementor-element elementor-element-6df4fe1 pxl-column-none pxl-column-overflow-hidden-no\" data-id=\"6df4fe1\" data-element_type=\"column\">\r\n        <div class=\"elementor-widget-wrap elementor-element-populated\">\r\n                     \r\n        \t\t<div class=\"elementor-element elementor-element-6aa2229 elementor-widget elementor-widget-pxl_heading\" data-id=\"6aa2229\" data-element_type=\"widget\" data-widget_type=\"pxl_heading.default\">\n\t\t\t\t<div class=\"elementor-widget-container\">\n\t\t\t\t\t\n<div id=\"pxl-pxl_heading-6aa2229-6259\" class=\"pxl-heading px-sub-title-default-style \">\n\t<div class=\"pxl-heading--inner\">\n\t\t\n\t\t<h3 class=\"pxl-item--title style-default ft-gt highlight-default \" data-wow-delay=\"ms\">\n\t\t\t\t\t\t\t\u0130leti\u015fim\t\n\t\t\t\t\n\t\t<\/h3>\n\t\t\n\t<\/div>\n<\/div>\t\t\t\t<\/div>\n\t\t\t\t<\/div>\n\t\t\t\t<div class=\"elementor-element elementor-element-f84a1de elementor-widget-divider--view-line elementor-widget elementor-widget-divider\" data-id=\"f84a1de\" data-element_type=\"widget\" data-widget_type=\"divider.default\">\n\t\t\t\t\t\t\t<div class=\"elementor-divider\">\n\t\t\t<span class=\"elementor-divider-separator\">\n\t\t\t\t\t\t<\/span>\n\t\t<\/div>\n\t\t\t\t\t\t<\/div>\n\t\t\t\t<div class=\"elementor-element elementor-element-37ea0f5 elementor-widget-divider--view-line elementor-widget elementor-widget-divider\" data-id=\"37ea0f5\" data-element_type=\"widget\" data-widget_type=\"divider.default\">\n\t\t\t\t\t\t\t<div class=\"elementor-divider\">\n\t\t\t<span class=\"elementor-divider-separator\">\n\t\t\t\t\t\t<\/span>\n\t\t<\/div>\n\t\t\t\t\t\t<\/div>\n\t\t            <\/div>\r\n        <\/div>\r\n        \t\t\t<\/div>\n\t\t<\/section>\n\t\t        <section class=\"elementor-section elementor-top-section elementor-element elementor-element-4cb52f3 elementor-section-stretched elementor-section-boxed elementor-section-height-default elementor-section-height-default pxl-row-scroll-none pxl-zoom-point-false pxl-section-overflow-visible\" data-id=\"4cb52f3\" data-element_type=\"section\" data-settings=\"{&quot;stretch_section&quot;:&quot;section-stretched&quot;}\">\n\n                \n                <div class=\"elementor-container elementor-column-gap-extended \">\n                <div class=\"elementor-column elementor-col-50 elementor-top-column elementor-element elementor-element-8330949 pxl-column-none pxl-column-overflow-hidden-no\" data-id=\"8330949\" data-element_type=\"column\" data-settings=\"{&quot;background_background&quot;:&quot;classic&quot;}\">\r\n        <div class=\"elementor-widget-wrap elementor-element-populated\">\r\n                     \r\n        \t\t<div class=\"elementor-element elementor-element-8a0f14a elementor-widget elementor-widget-pxl_heading\" data-id=\"8a0f14a\" data-element_type=\"widget\" data-widget_type=\"pxl_heading.default\">\n\t\t\t\t<div class=\"elementor-widget-container\">\n\t\t\t\t\t\n<div id=\"pxl-pxl_heading-8a0f14a-7531\" class=\"pxl-heading px-sub-title-default-style \">\n\t<div class=\"pxl-heading--inner\">\n\t\t\n\t\t<h3 class=\"pxl-item--title style-default ft-gt highlight-default pxl-split-text split-in-fade\" data-wow-delay=\"ms\">\n\t\t\t\t\t\t\tBizimle \u0130\u015fbirli\u011fi Yapal\u0131m!\n \t\n\t\t\t\t\n\t\t<\/h3>\n\t\t\n\t<\/div>\n<\/div>\t\t\t\t<\/div>\n\t\t\t\t<\/div>\n\t\t\t\t<div class=\"elementor-element elementor-element-2ec7524 elementor-widget elementor-widget-pxl_text_editor\" data-id=\"2ec7524\" data-element_type=\"widget\" data-widget_type=\"pxl_text_editor.default\">\n\t\t\t\t<div class=\"elementor-widget-container\">\n\t\t\t\t\t<div class=\"pxl-text-editor\">\n\t<div class=\"pxl-item--inner  \" data-wow-delay=\"ms\">\n\t\t<p>Her zaman size yard\u0131mc\u0131 olmaya haz\u0131r\u0131z, gelin birlikte konu\u015fal\u0131m.<\/p>\t\t\n\t<\/div>\n<\/div>\t\t\t\t<\/div>\n\t\t\t\t<\/div>\n\t\t        <section class=\"elementor-section elementor-inner-section elementor-element elementor-element-1865017 elementor-section-boxed elementor-section-height-default elementor-section-height-default pxl-row-scroll-none pxl-zoom-point-false pxl-section-overflow-visible\" data-id=\"1865017\" data-element_type=\"section\">\n\n                \n                <div class=\"elementor-container elementor-column-gap-default \">\n                <div class=\"elementor-column elementor-col-50 elementor-inner-column elementor-element elementor-element-ba44731 pxl-column-none pxl-column-overflow-hidden-no\" data-id=\"ba44731\" data-element_type=\"column\">\r\n        <div class=\"elementor-widget-wrap elementor-element-populated\">\r\n                     \r\n        \t\t<div class=\"elementor-element elementor-element-ab0f141 elementor-widget elementor-widget-pxl_icon_box\" data-id=\"ab0f141\" data-element_type=\"widget\" data-widget_type=\"pxl_icon_box.default\">\n\t\t\t\t<div class=\"elementor-widget-container\">\n\t\t\t\t\t<div class=\"pxl-icon-box pxl-icon-box1 style-2 ani3 \" data-wow-delay=\"ms\">\r\n    <div class=\"pxl-item--inner\">\r\n        \r\n                            <div class=\"pxl-item--icon\">\r\n                                    <i aria-hidden=\"true\" class=\"far fa-map-marker-alt\"><\/i>                                <\/div>\r\n                        <div class=\"pxl-item--meta\">\r\n            <h5 class=\"pxl-item--title el-empty\">\r\n                        Adres                        <\/h5>\r\n            <div class=\"pxl-item--description el-empty\">Friedrichstrasse 15, O.603, Stuttgart, Baden-W\u00fcrttenberg 70174, Deutschland (Germany)\n<\/div>\r\n        <\/div>\r\n    <\/div>\r\n<\/div>\t\t\t\t<\/div>\n\t\t\t\t<\/div>\n\t\t            <\/div>\r\n        <\/div>\r\n                <div class=\"elementor-column elementor-col-50 elementor-inner-column elementor-element elementor-element-14d7600 pxl-column-none pxl-column-overflow-hidden-no\" data-id=\"14d7600\" data-element_type=\"column\">\r\n        <div class=\"elementor-widget-wrap elementor-element-populated\">\r\n                     \r\n        \t\t<div class=\"elementor-element elementor-element-2e48c32 elementor-widget elementor-widget-pxl_icon_box\" data-id=\"2e48c32\" data-element_type=\"widget\" data-widget_type=\"pxl_icon_box.default\">\n\t\t\t\t<div class=\"elementor-widget-container\">\n\t\t\t\t\t<div class=\"pxl-icon-box pxl-icon-box1 style-2 ani3 \" data-wow-delay=\"ms\">\r\n    <div class=\"pxl-item--inner\">\r\n        \r\n                            <div class=\"pxl-item--icon\">\r\n                                    <i aria-hidden=\"true\" class=\"bootstrap-icons bi-telephone\"><\/i>                                <\/div>\r\n                        <div class=\"pxl-item--meta\">\r\n            <h5 class=\"pxl-item--title el-empty\">\r\n                        Bizimle \u0130leti\u015fime Ge\u00e7in                        <\/h5>\r\n            <div class=\"pxl-item--description el-empty\">+49 172 3052800<\/div>\r\n        <\/div>\r\n    <\/div>\r\n<\/div>\t\t\t\t<\/div>\n\t\t\t\t<\/div>\n\t\t            <\/div>\r\n        <\/div>\r\n        \t\t\t<\/div>\n\t\t<\/section>\n\t\t        <section class=\"elementor-section elementor-inner-section elementor-element elementor-element-1a421a4 elementor-section-boxed elementor-section-height-default elementor-section-height-default pxl-row-scroll-none pxl-zoom-point-false pxl-section-overflow-visible\" data-id=\"1a421a4\" data-element_type=\"section\">\n\n                \n                <div class=\"elementor-container elementor-column-gap-default \">\n                <div class=\"elementor-column elementor-col-50 elementor-inner-column elementor-element elementor-element-7294548 pxl-column-none pxl-column-overflow-hidden-no\" data-id=\"7294548\" data-element_type=\"column\">\r\n        <div class=\"elementor-widget-wrap elementor-element-populated\">\r\n                     \r\n        \t\t<div class=\"elementor-element elementor-element-fe93ed2 elementor-widget elementor-widget-pxl_icon_box\" data-id=\"fe93ed2\" data-element_type=\"widget\" data-widget_type=\"pxl_icon_box.default\">\n\t\t\t\t<div class=\"elementor-widget-container\">\n\t\t\t\t\t<div class=\"pxl-icon-box pxl-icon-box1 style-2 ani3 \" data-wow-delay=\"ms\">\r\n    <div class=\"pxl-item--inner\">\r\n        \r\n                            <div class=\"pxl-item--icon\">\r\n                                    <i aria-hidden=\"true\" class=\"bootstrap-icons bi-envelope\"><\/i>                                <\/div>\r\n                        <div class=\"pxl-item--meta\">\r\n            <h5 class=\"pxl-item--title el-empty\">\r\n                        E-mail                         <\/h5>\r\n            <div class=\"pxl-item--description el-empty\">info@treutravel.com<\/div>\r\n        <\/div>\r\n    <\/div>\r\n<\/div>\t\t\t\t<\/div>\n\t\t\t\t<\/div>\n\t\t            <\/div>\r\n        <\/div>\r\n                <div class=\"elementor-column elementor-col-50 elementor-inner-column elementor-element elementor-element-107ea53 pxl-column-none pxl-column-overflow-hidden-no\" data-id=\"107ea53\" data-element_type=\"column\">\r\n        <div class=\"elementor-widget-wrap elementor-element-populated\">\r\n                     \r\n        \t\t<div class=\"elementor-element elementor-element-486bbf4 elementor-widget elementor-widget-pxl_icon_box\" data-id=\"486bbf4\" data-element_type=\"widget\" data-widget_type=\"pxl_icon_box.default\">\n\t\t\t\t<div class=\"elementor-widget-container\">\n\t\t\t\t\t<div class=\"pxl-icon-box pxl-icon-box1 style-2 ani3 \" data-wow-delay=\"ms\">\r\n    <div class=\"pxl-item--inner\">\r\n        \r\n                            <div class=\"pxl-item--icon\">\r\n                                    <i aria-hidden=\"true\" class=\"bootstrap-icons bi-clock\"><\/i>                                <\/div>\r\n                        <div class=\"pxl-item--meta\">\r\n            <h5 class=\"pxl-item--title el-empty\">\r\n                        \u00c7al\u0131\u015fma Saatleri                        <\/h5>\r\n            <div class=\"pxl-item--description el-empty\">Pzt. - Cmt.: 8.00am  -   18.00pm<br>\nTatil: Kapal\u0131<\/div>\r\n        <\/div>\r\n    <\/div>\r\n<\/div>\t\t\t\t<\/div>\n\t\t\t\t<\/div>\n\t\t            <\/div>\r\n        <\/div>\r\n        \t\t\t<\/div>\n\t\t<\/section>\n\t\t            <\/div>\r\n        <\/div>\r\n                <div class=\"elementor-column elementor-col-50 elementor-top-column elementor-element elementor-element-37ed9cc pxl-column-overflow-hidden-yes pxl-column-none\" data-id=\"37ed9cc\" data-element_type=\"column\" data-settings=\"{&quot;background_background&quot;:&quot;classic&quot;}\">\r\n        <div class=\"elementor-widget-wrap elementor-element-populated\">\r\n                     \r\n        \t\t<div class=\"elementor-element elementor-element-e2e06fe elementor-widget elementor-widget-pxl_contact_form\" data-id=\"e2e06fe\" data-element_type=\"widget\" data-widget_type=\"pxl_contact_form.default\">\n\t\t\t\t<div class=\"elementor-widget-container\">\n\t\t\t\t\t    <div class=\"pxl-contact-form pxl-contact-form1 btn-w-auto \" data-wow-delay=\"ms\">\r\n        \n<div class=\"wpcf7 no-js\" id=\"wpcf7-f18284-o1\" lang=\"tr-TR\" dir=\"ltr\" data-wpcf7-id=\"18284\">\n<div class=\"screen-reader-response\"><p role=\"status\" aria-live=\"polite\" aria-atomic=\"true\"><\/p> <ul><\/ul><\/div>\n<form action=\"\/tr\/wp-json\/wp\/v2\/pages\/17919#wpcf7-f18284-o1\" method=\"post\" class=\"wpcf7-form init cf7mls-no-scroll cf7mls-auto-return-first-step cf7mls-no-moving-animation\" aria-label=\"\u0130leti\u015fim Formu\" novalidate=\"novalidate\" data-status=\"init\">\n<fieldset class=\"hidden-fields-container\"><input type=\"hidden\" name=\"_wpcf7\" value=\"18284\" \/><input type=\"hidden\" name=\"_wpcf7_version\" value=\"6.1.2\" \/><input type=\"hidden\" name=\"_wpcf7_locale\" value=\"tr_TR\" \/><input type=\"hidden\" name=\"_wpcf7_unit_tag\" value=\"wpcf7-f18284-o1\" \/><input type=\"hidden\" name=\"_wpcf7_container_post\" value=\"0\" \/><input type=\"hidden\" name=\"_wpcf7_posted_data_hash\" value=\"\" \/>\n<\/fieldset>\n<div class=\"uacf7-form-wrapper-container uacf7-form-18284  \"><div class=\"wrap-ctf-page wrap-form\">\n\t<div class=\"containter\">\n\t\t<div class=\"row\">\n\t\t\t<div class=\"input-filled col-xl-6 col-lg-6 col-md-6 col-sm-6 col-xs-12\">\n\t\t\t\t<span class=\"wpcf7-form-control-wrap your-name\">\n\t\t\t\t\t<span class=\"wpcf7-form-control-wrap\" data-name=\"your-name\"><input size=\"40\" maxlength=\"400\" class=\"wpcf7-form-control wpcf7-text wpcf7-validates-as-required\" aria-required=\"true\" aria-invalid=\"false\" placeholder=\"*Ad\u0131n\u0131z Soyad\u0131n\u0131z\" value=\"\" type=\"text\" name=\"your-name\" \/><\/span>\n\t\t\t\t<\/span>\n\t\t\t<\/div>   \n\t\t\t<div class=\"input-filled col-xl-6 col-lg-6 col-md-6 col-sm-6 col-xs-12\">\n\t\t\t\t<span class=\"wpcf7-form-control-wrap your-phone\">\n\t\t\t\t\t<span class=\"wpcf7-form-control-wrap\" data-name=\"your-phone\"><input size=\"40\" maxlength=\"400\" class=\"wpcf7-form-control wpcf7-tel wpcf7-validates-as-required wpcf7-text wpcf7-validates-as-tel\" aria-required=\"true\" aria-invalid=\"false\" placeholder=\"*Telefon\" value=\"\" type=\"tel\" name=\"your-phone\" \/><\/span>\n\t\t\t\t<\/span>\n\t\t\t<\/div> \t\t\n\t\t\t<div class=\"input-filled col-xl-12\">\n\t\t\t\t<span class=\"wpcf7-form-control-wrap your-email\">\n\t\t\t\t\t<span class=\"wpcf7-form-control-wrap\" data-name=\"your-email\"><input size=\"40\" maxlength=\"400\" class=\"wpcf7-form-control wpcf7-email wpcf7-validates-as-required wpcf7-text wpcf7-validates-as-email\" aria-required=\"true\" aria-invalid=\"false\" placeholder=\"*E-mail\" value=\"\" type=\"email\" name=\"your-email\" \/><\/span>\n\t\t\t\t<\/span>\n\t\t\t<\/div>\n\n\t\t\t<\/div>  \n\t\t\t<div class=\"input-filled col-xl-12\">\n\t\t\t\t<span class=\"wpcf7-form-control-wrap your-messeage\">\n\t\t\t\t\t<span class=\"wpcf7-form-control-wrap\" data-name=\"your-messeage\"><textarea cols=\"40\" rows=\"10\" maxlength=\"2000\" class=\"wpcf7-form-control wpcf7-textarea wpcf7-validates-as-required\" aria-required=\"true\" aria-invalid=\"false\" placeholder=\"Mesaj\u0131n\u0131z....\" name=\"your-messeage\"><\/textarea><\/span>\n\t\t\t\t<\/span>\n\t\t\t<\/div>\n\t\t\t<div class=\"input-filled col-xl-12 d-flex\"> \n\t\t\t\t<button type=\"submit\" class=\"wpcf7-submit wpcf7-btn-abs\" > G\u00f6nder <svg fill=\"none\" height=\"15\" viewBox=\"0 0 24 24\" width=\"17\" xmlns=\"http:\/\/www.w3.org\/2000\/svg\" id=\"fi_10322482\"><path d=\"m22.1012 10.5616-19.34831-9.43824c-.1664-.08117-.34912-.12336-.53427-.12336-.67302 0-1.21862.5456-1.21862 1.21862v.03517c0 .16352.02005.32643.05971.48507l1.85597 7.42384c.05069.2028.22214.3526.42986.3757l8.15756.9064c.2829.0314.4969.2705.4969.5552s-.214.5238-.4969.5552l-8.15756.9064c-.20772.0231-.37917.1729-.42986.3757l-1.85597 7.4238c-.03966.1587-.05971.3216-.05971.4851v.0352c0 .673.5456 1.2186 1.21862 1.2186.18515 0 .36787-.0422.53427-.1234l19.34831-9.4382c.5499-.2682.8988-.8265.8988-1.4384s-.3489-1.1702-.8988-1.4384z\" fill=\"rgb(0,0,0)\"><\/path><\/svg> <\/button>\n\t\t\t<\/div>\n\t\t<\/div>\n\t<\/div>\n<\/div><\/div><div class=\"wpcf7-response-output\" aria-hidden=\"true\"><\/div>\n<\/form>\n<\/div>\n    <\/div>\r\n\t\t\t\t<\/div>\n\t\t\t\t<\/div>\n\t\t\t\t<div class=\"elementor-element elementor-element-bd47d82 elementor-widget__width-auto elementor-absolute animated-slow elementor-invisible elementor-widget elementor-widget-pxl_icon\" data-id=\"bd47d82\" data-element_type=\"widget\" data-settings=\"{&quot;_position&quot;:&quot;absolute&quot;,&quot;_animation&quot;:&quot;fadeInUp&quot;}\" data-widget_type=\"pxl_icon.default\">\n\t\t\t\t<div class=\"elementor-widget-container\">\n\t\t\t\t\t    <div class=\"pxl-icon-list pxl-icon1  style-1  \" data-wow-delay=\"ms\">\r\n                                    <a class=\"elementor-repeater-item-88a4282 \" >\r\n                                                                                                <\/a>\r\n                        <\/div>\r\n    \t\t\t\t<\/div>\n\t\t\t\t<\/div>\n\t\t\t\t<div class=\"elementor-element elementor-element-3b11111 elementor-widget__width-auto elementor-absolute animated-slow elementor-invisible elementor-widget elementor-widget-pxl_icon\" data-id=\"3b11111\" data-element_type=\"widget\" data-settings=\"{&quot;_position&quot;:&quot;absolute&quot;,&quot;_animation&quot;:&quot;fadeInRight&quot;}\" data-widget_type=\"pxl_icon.default\">\n\t\t\t\t<div class=\"elementor-widget-container\">\n\t\t\t\t\t    <div class=\"pxl-icon-list pxl-icon1  style-1  \" data-wow-delay=\"ms\">\r\n                                    <a class=\"elementor-repeater-item-88a4282 \" >\r\n                                                                                                <\/a>\r\n                        <\/div>\r\n    \t\t\t\t<\/div>\n\t\t\t\t<\/div>\n\t\t            <\/div>\r\n        <\/div>\r\n        \t\t\t<\/div>\n\t\t<\/section>\n\t\t        <section class=\"elementor-section elementor-top-section elementor-element elementor-element-ff3ad1c elementor-section-full_width elementor-section-stretched elementor-section-height-default elementor-section-height-default pxl-row-scroll-none pxl-zoom-point-false pxl-section-overflow-visible pxl-full-content-with-space-none\" data-id=\"ff3ad1c\" data-element_type=\"section\" data-settings=\"{&quot;stretch_section&quot;:&quot;section-stretched&quot;}\">\n\n                \n                <div class=\"elementor-container elementor-column-gap-default \">\n                <div class=\"elementor-column elementor-col-100 elementor-top-column elementor-element elementor-element-86b4f2d pxl-column-none pxl-column-overflow-hidden-no\" data-id=\"86b4f2d\" data-element_type=\"column\">\r\n        <div class=\"elementor-widget-wrap elementor-element-populated\">\r\n                     \r\n        \t\t<div class=\"elementor-element elementor-element-c16d223 elementor-widget elementor-widget-google_maps\" data-id=\"c16d223\" data-element_type=\"widget\" data-widget_type=\"google_maps.default\">\n\t\t\t\t\t\t\t<div class=\"elementor-custom-embed\">\n\t\t\t<iframe loading=\"lazy\"\n\t\t\t\t\tsrc=\"https:\/\/maps.google.com\/maps?q=Friedrichstrasse%2015%2C%20O.603%2C%20Stuttgart%2C%20Baden-W%C3%BCrttenberg%2070174%2C%20Deutschland%20%28Germany%29&#038;t=m&#038;z=15&#038;output=embed&#038;iwloc=near\"\n\t\t\t\t\ttitle=\"Friedrichstrasse 15, O.603, Stuttgart, Baden-W\u00fcrttenberg 70174, Deutschland (Germany)\"\n\t\t\t\t\taria-label=\"Friedrichstrasse 15, O.603, Stuttgart, Baden-W\u00fcrttenberg 70174, Deutschland (Germany)\"\n\t\t\t><\/iframe>\n\t\t<\/div>\n\t\t\t\t\t\t<\/div>\n\t\t            <\/div>\r\n        <\/div>\r\n        \t\t\t<\/div>\n\t\t<\/section>\n\t\t\t\t<\/div>\n\t\t","protected":false},"excerpt":{"rendered":"<p>\u0130leti\u015fim Bizimle \u0130\u015fbirli\u011fi Yapal\u0131m! Her zaman size yard\u0131mc\u0131 olmaya haz\u0131r\u0131z, gelin birlikte konu\u015fal\u0131m. Adres Friedrichstrasse 15, O.603, Stuttgart, Baden-W\u00fcrttenberg 70174, Deutschland (Germany) Bizimle \u0130leti\u015fime Ge\u00e7in +49 172 3052800 E-mail info@treutravel.com \u00c7al\u0131\u015fma Saatleri Pzt. &#8211; Cmt.: 8.00am &#8211; 18.00pm Tatil: Kapal\u0131 Submit Require<\/p>\n","protected":false},"author":1,"featured_media":0,"parent":0,"menu_order":0,"comment_status":"closed","ping_status":"closed","template":"","meta":{"footnotes":""},"class_list":["post-17919","page","type-page","status-publish","hentry"],"_links":{"self":[{"href":"https:\/\/treutravel.com\/tr\/wp-json\/wp\/v2\/pages\/17919","targetHints":{"allow":["GET"]}}],"collection":[{"href":"https:\/\/treutravel.com\/tr\/wp-json\/wp\/v2\/pages"}],"about":[{"href":"https:\/\/treutravel.com\/tr\/wp-json\/wp\/v2\/types\/page"}],"author":[{"embeddable":true,"href":"https:\/\/treutravel.com\/tr\/wp-json\/wp\/v2\/users\/1"}],"replies":[{"embeddable":true,"href":"https:\/\/treutravel.com\/tr\/wp-json\/wp\/v2\/comments?post=17919"}],"version-history":[{"count":7,"href":"https:\/\/treutravel.com\/tr\/wp-json\/wp\/v2\/pages\/17919\/revisions"}],"predecessor-version":[{"id":18311,"href":"https:\/\/treutravel.com\/tr\/wp-json\/wp\/v2\/pages\/17919\/revisions\/18311"}],"wp:attachment":[{"href":"https:\/\/treutravel.com\/tr\/wp-json\/wp\/v2\/media?parent=17919"}],"curies":[{"name":"wp","href":"https:\/\/api.w.org\/{rel}","templated":true}]}}