{"id":17550,"date":"2024-04-16T02:38:40","date_gmt":"2024-04-16T02:38:40","guid":{"rendered":"https:\/\/treutravel.com\/our-brands\/"},"modified":"2025-10-26T18:18:04","modified_gmt":"2025-10-26T18:18:04","slug":"markalarimiz","status":"publish","type":"page","link":"https:\/\/treutravel.com\/tr\/markalarimiz\/","title":{"rendered":"Markalar\u0131m\u0131z"},"content":{"rendered":"\t\t<div data-elementor-type=\"wp-page\" data-elementor-id=\"17550\" class=\"elementor elementor-17550 elementor-164\">\n\t\t\t\t        <section class=\"elementor-section elementor-top-section elementor-element elementor-element-825c8ea elementor-section-stretched elementor-section-boxed elementor-section-height-default elementor-section-height-default pxl-row-scroll-none pxl-zoom-point-false pxl-section-overflow-visible\" data-id=\"825c8ea\" data-element_type=\"section\" data-settings=\"{&quot;stretch_section&quot;:&quot;section-stretched&quot;,&quot;background_background&quot;:&quot;classic&quot;}\">\n\n                            <div class=\"elementor-background-overlay\"><\/div>\n            \n                <div class=\"elementor-container elementor-column-gap-extended \">\n                <div class=\"elementor-column elementor-col-100 elementor-top-column elementor-element elementor-element-3d48874 pxl-column-none pxl-column-overflow-hidden-no\" data-id=\"3d48874\" data-element_type=\"column\">\r\n        <div class=\"elementor-widget-wrap elementor-element-populated\">\r\n                     \r\n        \t\t<div class=\"elementor-element elementor-element-782f898 elementor-widget elementor-widget-pxl_heading\" data-id=\"782f898\" data-element_type=\"widget\" data-widget_type=\"pxl_heading.default\">\n\t\t\t\t<div class=\"elementor-widget-container\">\n\t\t\t\t\t\n<div id=\"pxl-pxl_heading-782f898-4121\" class=\"pxl-heading px-sub-title-default-style \">\n\t<div class=\"pxl-heading--inner\">\n\t\t\n\t\t<h3 class=\"pxl-item--title style-default ft-gt highlight-default \" data-wow-delay=\"ms\">\n\t\t\t\t\t\t\tMarkalar\u0131m\u0131z\t\n\t\t\t\t\n\t\t<\/h3>\n\t\t\n\t<\/div>\n<\/div>\t\t\t\t<\/div>\n\t\t\t\t<\/div>\n\t\t\t\t<div class=\"elementor-element elementor-element-48f98ca elementor-widget-divider--view-line elementor-widget elementor-widget-divider\" data-id=\"48f98ca\" data-element_type=\"widget\" data-widget_type=\"divider.default\">\n\t\t\t\t\t\t\t<div class=\"elementor-divider\">\n\t\t\t<span class=\"elementor-divider-separator\">\n\t\t\t\t\t\t<\/span>\n\t\t<\/div>\n\t\t\t\t\t\t<\/div>\n\t\t\t\t<div class=\"elementor-element elementor-element-b8c8512 elementor-widget-divider--view-line elementor-widget elementor-widget-divider\" data-id=\"b8c8512\" data-element_type=\"widget\" data-widget_type=\"divider.default\">\n\t\t\t\t\t\t\t<div class=\"elementor-divider\">\n\t\t\t<span class=\"elementor-divider-separator\">\n\t\t\t\t\t\t<\/span>\n\t\t<\/div>\n\t\t\t\t\t\t<\/div>\n\t\t            <\/div>\r\n        <\/div>\r\n        \t\t\t<\/div>\n\t\t<\/section>\n\t\t        <section class=\"elementor-section elementor-top-section elementor-element elementor-element-c4f9b7a elementor-section-full_width elementor-section-stretched elementor-section-height-default elementor-section-height-default pxl-row-scroll-none pxl-zoom-point-false pxl-section-overflow-visible pxl-full-content-with-space-none\" data-id=\"c4f9b7a\" data-element_type=\"section\" data-settings=\"{&quot;stretch_section&quot;:&quot;section-stretched&quot;}\">\n\n                \n                <div class=\"elementor-container elementor-column-gap-extended \">\n                <div class=\"elementor-column elementor-col-50 elementor-top-column elementor-element elementor-element-65043f5 pxl-column-none pxl-column-overflow-hidden-no\" data-id=\"65043f5\" data-element_type=\"column\" data-settings=\"{&quot;background_background&quot;:&quot;classic&quot;}\">\r\n        <div class=\"elementor-widget-wrap elementor-element-populated\">\r\n                     \r\n        \t\t<div class=\"elementor-element elementor-element-347d70a elementor-widget elementor-widget-pxl_heading\" data-id=\"347d70a\" data-element_type=\"widget\" data-widget_type=\"pxl_heading.default\">\n\t\t\t\t<div class=\"elementor-widget-container\">\n\t\t\t\t\t\n<div id=\"pxl-pxl_heading-347d70a-5628\" class=\"pxl-heading px-sub-title-default-style \">\n\t<div class=\"pxl-heading--inner\">\n\t\t\n\t\t<h3 class=\"pxl-item--title style-default ft-gt highlight-default \" data-wow-delay=\"ms\">\n\t\t\t\t\t\t\tSporun Tutkusu, L\u00fcks\u00fcn Zarafeti, Treu\u2019nun G\u00fcvencesi.\t\n\t\t\t\t\n\t\t<\/h3>\n\t\t\n\t<\/div>\n<\/div>\t\t\t\t<\/div>\n\t\t\t\t<\/div>\n\t\t\t\t<div class=\"elementor-element elementor-element-b896e85 elementor-widget elementor-widget-pxl_text_editor\" data-id=\"b896e85\" data-element_type=\"widget\" data-widget_type=\"pxl_text_editor.default\">\n\t\t\t\t<div class=\"elementor-widget-container\">\n\t\t\t\t\t<div class=\"pxl-text-editor\">\n\t<div class=\"pxl-item--inner  \" data-wow-delay=\"ms\">\n\t\t<p>Treu Travel \u00e7at\u0131s\u0131 alt\u0131nda faaliyet g\u00f6steren markalar\u0131m\u0131z, farkl\u0131 ihtiya\u00e7lara \u00f6zel olarak tasarlanm\u0131\u015f hizmet anlay\u0131\u015flar\u0131n\u0131 bir araya getirir.<br data-start=\"537\" data-end=\"540\" \/>Her biri kendi alan\u0131nda uzmanla\u015fm\u0131\u015f yap\u0131s\u0131yla, Treu\u2019nun g\u00fcven, profesyonellik ve s\u00fcrd\u00fcr\u00fclebilirlik ilkelerini yans\u0131t\u0131r.<\/p>\t\t\n\t<\/div>\n<\/div>\t\t\t\t<\/div>\n\t\t\t\t<\/div>\n\t\t\t\t<div class=\"elementor-element elementor-element-4cb7ebe elementor-widget__width-auto elementor-absolute elementor-widget elementor-widget-pxl_image\" data-id=\"4cb7ebe\" data-element_type=\"widget\" data-settings=\"{&quot;_position&quot;:&quot;absolute&quot;}\" data-widget_type=\"pxl_image.default\">\n\t\t\t\t<div class=\"elementor-widget-container\">\n\t\t\t\t\t<div id=\"pxl_image-4cb7ebe-8572\" class=\"pxl-image-single df pxl-disable-parallax-sm pxl-hide-sr-lg  wow skewInBottom\" data-wow-delay=\"ms\"  >\r\n    <div class=\"pxl-item--inner\" data-wow-delay=\"120ms\">\r\n        \r\n                    <div class=\"pxl-item--image df\" data-parallax-value=\"\">\r\n                                <img decoding=\"async\" width=\"300\" height=\"88\" src=\"https:\/\/treutravel.com\/wp-content\/uploads\/2025\/10\/treu-travel-logo-w.png\" class=\"no-lazyload attachment-full\" alt=\"\" \/>                                            <\/div>\r\n                \r\n    <\/div>\r\n<\/div>\t\t\t\t<\/div>\n\t\t\t\t<\/div>\n\t\t            <\/div>\r\n        <\/div>\r\n                <div class=\"elementor-column elementor-col-50 elementor-top-column elementor-element elementor-element-a38e715 pxl-column-none pxl-column-overflow-hidden-no\" data-id=\"a38e715\" data-element_type=\"column\">\r\n        <div class=\"elementor-widget-wrap elementor-element-populated\">\r\n                     \r\n        \t\t<div class=\"elementor-element elementor-element-d5bbf74 elementor-widget elementor-widget-pxl_image\" data-id=\"d5bbf74\" data-element_type=\"widget\" data-widget_type=\"pxl_image.default\">\n\t\t\t\t<div class=\"elementor-widget-container\">\n\t\t\t\t\t<div id=\"pxl_image-d5bbf74-2029\" class=\"pxl-image-single block-blur4 pxl-disable-parallax-sm pxl-hide-sr-lg  \" data-wow-delay=\"ms\"  >\r\n    <div class=\"pxl-item--inner\" data-wow-delay=\"120ms\">\r\n        \r\n                    <div class=\"pxl-item--bg bg-image block-blur4\" style=\"background-image: url(https:\/\/treutravel.com\/wp-content\/uploads\/2025\/10\/hkk-treu.png);\">\r\n                                    <div class=\"wrap-block\">\r\n                                                                                                    <span class=\"block wow flipInY\"><\/span>\r\n                            <span class=\"block wow flipInY\"><\/span>\r\n                            <span class=\"block wow flipInY\"><\/span>\r\n                            <span class=\"block wow flipInY\"><\/span>\r\n                            <span class=\"block wow flipInY\"><\/span>\r\n                            <span class=\"block wow flipInY\"><\/span>\r\n                                                                    <\/div>\r\n                            <\/div>\r\n                \r\n    <\/div>\r\n<\/div>\t\t\t\t<\/div>\n\t\t\t\t<\/div>\n\t\t            <\/div>\r\n        <\/div>\r\n        \t\t\t<\/div>\n\t\t<\/section>\n\t\t        <section class=\"elementor-section elementor-top-section elementor-element elementor-element-608dea3 elementor-section-stretched elementor-section-boxed elementor-section-height-default elementor-section-height-default pxl-row-scroll-none pxl-zoom-point-false pxl-section-overflow-visible\" data-id=\"608dea3\" data-element_type=\"section\" data-settings=\"{&quot;stretch_section&quot;:&quot;section-stretched&quot;}\">\n\n                \n                <div class=\"elementor-container elementor-column-gap-extended \">\n                <div class=\"elementor-column elementor-col-50 elementor-top-column elementor-element elementor-element-b21d8f5 pxl-column-none pxl-column-overflow-hidden-no elementor-invisible\" data-id=\"b21d8f5\" data-element_type=\"column\" data-settings=\"{&quot;animation&quot;:&quot;fadeInUp&quot;}\">\r\n        <div class=\"elementor-widget-wrap elementor-element-populated\">\r\n                     \r\n                <section class=\"elementor-section elementor-inner-section elementor-element elementor-element-46be1c2 elementor-section-boxed elementor-section-height-default elementor-section-height-default pxl-row-scroll-none pxl-zoom-point-false pxl-section-overflow-visible\" data-id=\"46be1c2\" data-element_type=\"section\">\n\n                \n                <div class=\"elementor-container elementor-column-gap-extended \">\n                <div class=\"elementor-column elementor-col-100 elementor-inner-column elementor-element elementor-element-7933387 pxl-column-none pxl-column-overflow-hidden-no\" data-id=\"7933387\" data-element_type=\"column\">\r\n        <div class=\"elementor-widget-wrap elementor-element-populated\">\r\n                     \r\n        \t\t<div class=\"elementor-element elementor-element-e154aec elementor-widget elementor-widget-pxl_image\" data-id=\"e154aec\" data-element_type=\"widget\" data-widget_type=\"pxl_image.default\">\n\t\t\t\t<div class=\"elementor-widget-container\">\n\t\t\t\t\t<div id=\"pxl_image-e154aec-4636\" class=\"pxl-image-single df pxl-disable-parallax-sm pxl-hide-sr-lg  \" data-wow-delay=\"ms\"  >\r\n    <div class=\"pxl-item--inner\" data-wow-delay=\"120ms\">\r\n        \r\n                    <div class=\"pxl-item--image df\" data-parallax-value=\"\">\r\n                                <img fetchpriority=\"high\" decoding=\"async\" width=\"500\" height=\"150\" src=\"https:\/\/treutravel.com\/wp-content\/uploads\/2025\/10\/TREU-Vector-Logo-yatay.png\" class=\"no-lazyload attachment-full\" alt=\"\" \/>                                            <\/div>\r\n                \r\n    <\/div>\r\n<\/div>\t\t\t\t<\/div>\n\t\t\t\t<\/div>\n\t\t\t\t<div class=\"elementor-element elementor-element-f31e9c8 elementor-widget elementor-widget-pxl_heading\" data-id=\"f31e9c8\" data-element_type=\"widget\" data-widget_type=\"pxl_heading.default\">\n\t\t\t\t<div class=\"elementor-widget-container\">\n\t\t\t\t\t\n<div id=\"pxl-pxl_heading-f31e9c8-7615\" class=\"pxl-heading px-sub-title-default-style \">\n\t<div class=\"pxl-heading--inner\">\n\t\t\n\t\t<h3 class=\"pxl-item--title style-default  highlight-default \" data-wow-delay=\"ms\">\n\t\t\t\t\t\t\tTreu Sports\t\n\t\t\t\t\n\t\t<\/h3>\n\t\t\n\t<\/div>\n<\/div>\t\t\t\t<\/div>\n\t\t\t\t<\/div>\n\t\t\t\t<div class=\"elementor-element elementor-element-1a6b2a8 elementor-widget elementor-widget-pxl_text_editor\" data-id=\"1a6b2a8\" data-element_type=\"widget\" data-widget_type=\"pxl_text_editor.default\">\n\t\t\t\t<div class=\"elementor-widget-container\">\n\t\t\t\t\t<div class=\"pxl-text-editor\">\n\t<div class=\"pxl-item--inner  \" data-wow-delay=\"ms\">\n\t\t<p>Uluslararas\u0131 spor organizasyonlar\u0131, kamp y\u00f6netimi ve tak\u0131m lojisti\u011fi alan\u0131nda uzmanla\u015fm\u0131\u015f bir markad\u0131r.<br data-start=\"788\" data-end=\"791\" \/>Treu Sports, profesyonel kul\u00fcplerden federasyonlara kadar uzanan geni\u015f bir a\u011fla \u00e7al\u0131\u015farak, her detay\u0131 planlanan <strong data-start=\"903\" data-end=\"936\">spor odakl\u0131 seyahat \u00e7\u00f6z\u00fcmleri<\/strong> sunar.<br data-start=\"943\" data-end=\"946\" \/>Almanya merkezli yap\u0131m\u0131zla, Avrupa\u2019n\u0131n bir\u00e7ok noktas\u0131nda spor turizmine yenilik\u00e7i bir yakla\u015f\u0131m getiriyoruz.<\/p>\t\t\n\t<\/div>\n<\/div>\t\t\t\t<\/div>\n\t\t\t\t<\/div>\n\t\t\t\t<div class=\"elementor-element elementor-element-87b4fe1 elementor-align-center ft-gt pxl-icon-list  elementor-widget__width-auto elementor-widget elementor-widget-pxl_button\" data-id=\"87b4fe1\" data-element_type=\"widget\" data-widget_type=\"pxl_button.default\">\n\t\t\t\t<div class=\"elementor-widget-container\">\n\t\t\t\t\t<div id=\"pxl-pxl_button-87b4fe1-3698\" class=\"pxl-button pxl-atc-link \" data-wow-delay=\"ms\">\r\n    <a href=\"https:\/\/treusports.com\/\" class=\"btn pxl-icon-active btn-text-nina btn-blur  inline pxl-icon--right\" data-wow-delay=\"ms\" data-target=\".pxl-page-popup-template-0\">\r\n                <span class=\"pxl--btn-text\" data-text=\"www.treusports.com\">\r\n            <span>w<\/span><span>w<\/span><span>w<\/span><span>.<\/span><span>t<\/span><span>r<\/span><span>e<\/span><span>u<\/span><span>s<\/span><span>p<\/span><span>o<\/span><span>r<\/span><span>t<\/span><span>s<\/span><span>.<\/span><span>c<\/span><span>o<\/span><span>m<\/span>        <\/span>\r\n            <\/a>\r\n<\/div>\t\t\t\t<\/div>\n\t\t\t\t<\/div>\n\t\t            <\/div>\r\n        <\/div>\r\n        \t\t\t<\/div>\n\t\t<\/section>\n\t\t            <\/div>\r\n        <\/div>\r\n                <div class=\"elementor-column elementor-col-50 elementor-top-column elementor-element elementor-element-d7b4772 pxl-column-none pxl-column-overflow-hidden-no elementor-invisible\" data-id=\"d7b4772\" data-element_type=\"column\" data-settings=\"{&quot;animation&quot;:&quot;fadeInUp&quot;,&quot;animation_delay&quot;:200}\">\r\n        <div class=\"elementor-widget-wrap elementor-element-populated\">\r\n                     \r\n                <section class=\"elementor-section elementor-inner-section elementor-element elementor-element-3f6cc19 elementor-section-boxed elementor-section-height-default elementor-section-height-default pxl-row-scroll-none pxl-zoom-point-false pxl-section-overflow-visible\" data-id=\"3f6cc19\" data-element_type=\"section\">\n\n                \n                <div class=\"elementor-container elementor-column-gap-extended \">\n                <div class=\"elementor-column elementor-col-100 elementor-inner-column elementor-element elementor-element-cc60779 pxl-column-none pxl-column-overflow-hidden-no\" data-id=\"cc60779\" data-element_type=\"column\">\r\n        <div class=\"elementor-widget-wrap elementor-element-populated\">\r\n                     \r\n        \t\t<div class=\"elementor-element elementor-element-3f33b7f elementor-widget elementor-widget-pxl_image\" data-id=\"3f33b7f\" data-element_type=\"widget\" data-widget_type=\"pxl_image.default\">\n\t\t\t\t<div class=\"elementor-widget-container\">\n\t\t\t\t\t<div id=\"pxl_image-3f33b7f-7283\" class=\"pxl-image-single df pxl-disable-parallax-sm pxl-hide-sr-lg  \" data-wow-delay=\"ms\"  >\r\n    <div class=\"pxl-item--inner\" data-wow-delay=\"120ms\">\r\n        \r\n                    <div class=\"pxl-item--image df\" data-parallax-value=\"\">\r\n                                <img decoding=\"async\" width=\"1000\" height=\"183\" src=\"https:\/\/treutravel.com\/wp-content\/uploads\/2025\/10\/TREU-Deluxe-vector-Y.png\" class=\"no-lazyload attachment-full\" alt=\"\" \/>                                            <\/div>\r\n                \r\n    <\/div>\r\n<\/div>\t\t\t\t<\/div>\n\t\t\t\t<\/div>\n\t\t\t\t<div class=\"elementor-element elementor-element-80790c8 elementor-widget elementor-widget-pxl_heading\" data-id=\"80790c8\" data-element_type=\"widget\" data-widget_type=\"pxl_heading.default\">\n\t\t\t\t<div class=\"elementor-widget-container\">\n\t\t\t\t\t\n<div id=\"pxl-pxl_heading-80790c8-1230\" class=\"pxl-heading px-sub-title-default-style \">\n\t<div class=\"pxl-heading--inner\">\n\t\t\n\t\t<h3 class=\"pxl-item--title style-default  highlight-default \" data-wow-delay=\"ms\">\n\t\t\t\t\t\t\tTreu Deluxe\t\n\t\t\t\t\n\t\t<\/h3>\n\t\t\n\t<\/div>\n<\/div>\t\t\t\t<\/div>\n\t\t\t\t<\/div>\n\t\t\t\t<div class=\"elementor-element elementor-element-3a25936 elementor-widget elementor-widget-pxl_text_editor\" data-id=\"3a25936\" data-element_type=\"widget\" data-widget_type=\"pxl_text_editor.default\">\n\t\t\t\t<div class=\"elementor-widget-container\">\n\t\t\t\t\t<div class=\"pxl-text-editor\">\n\t<div class=\"pxl-item--inner  \" data-wow-delay=\"ms\">\n\t\t<p>Treu Deluxe, \u00f6zel deneyimler ve y\u00fcksek standartl\u0131 seyahat hizmetleriyle <strong data-start=\"1151\" data-end=\"1182\">l\u00fcks turizmin yeni yorumunu<\/strong> sunar.<br data-start=\"1189\" data-end=\"1192\" \/>Ki\u015fiye \u00f6zel planlamalar, VIP transferler, \u00f6zel etkinlikler ve prestijli konaklama se\u00e7enekleriyle misafirlerimize <strong data-start=\"1305\" data-end=\"1339\">benzersiz bir seyahat deneyimi<\/strong> ya\u015fat\u0131r.<br data-start=\"1348\" data-end=\"1351\" \/>Treu Deluxe, se\u00e7kin i\u015f ortaklar\u0131yla birlikte her detay\u0131 kusursuzla\u015ft\u0131ran bir hizmet anlay\u0131\u015f\u0131n\u0131 temsil eder.<\/p>\t\t\n\t<\/div>\n<\/div>\t\t\t\t<\/div>\n\t\t\t\t<\/div>\n\t\t\t\t<div class=\"elementor-element elementor-element-75d2fb8 elementor-align-center ft-gt pxl-icon-list  elementor-widget__width-auto elementor-widget elementor-widget-pxl_button\" data-id=\"75d2fb8\" data-element_type=\"widget\" data-widget_type=\"pxl_button.default\">\n\t\t\t\t<div class=\"elementor-widget-container\">\n\t\t\t\t\t<div id=\"pxl-pxl_button-75d2fb8-6134\" class=\"pxl-button pxl-atc-link \" data-wow-delay=\"ms\">\r\n    <a href=\"https:\/\/treudeluxe.com\/\" class=\"btn pxl-icon-active btn-text-nina btn-blur  inline pxl-icon--right\" data-wow-delay=\"ms\" data-target=\".pxl-page-popup-template-0\">\r\n                <span class=\"pxl--btn-text\" data-text=\"www.treudeluxe.com\">\r\n            <span>w<\/span><span>w<\/span><span>w<\/span><span>.<\/span><span>t<\/span><span>r<\/span><span>e<\/span><span>u<\/span><span>d<\/span><span>e<\/span><span>l<\/span><span>u<\/span><span>x<\/span><span>e<\/span><span>.<\/span><span>c<\/span><span>o<\/span><span>m<\/span>        <\/span>\r\n            <\/a>\r\n<\/div>\t\t\t\t<\/div>\n\t\t\t\t<\/div>\n\t\t            <\/div>\r\n        <\/div>\r\n        \t\t\t<\/div>\n\t\t<\/section>\n\t\t            <\/div>\r\n        <\/div>\r\n        \t\t\t<\/div>\n\t\t<\/section>\n\t\t\t\t<\/div>\n\t\t","protected":false},"excerpt":{"rendered":"<p>Markalar\u0131m\u0131z Sporun Tutkusu, L\u00fcks\u00fcn Zarafeti, Treu\u2019nun G\u00fcvencesi. Treu Travel \u00e7at\u0131s\u0131 alt\u0131nda faaliyet g\u00f6steren markalar\u0131m\u0131z, farkl\u0131 ihtiya\u00e7lara \u00f6zel olarak tasarlanm\u0131\u015f hizmet anlay\u0131\u015flar\u0131n\u0131 bir araya getirir.Her biri kendi alan\u0131nda uzmanla\u015fm\u0131\u015f yap\u0131s\u0131yla, Treu\u2019nun g\u00fcven, profesyonellik ve s\u00fcrd\u00fcr\u00fclebilirlik ilkelerini yans\u0131t\u0131r. Treu Sports Uluslararas\u0131 spor organizasyonlar\u0131, kamp y\u00f6netimi ve tak\u0131m lojisti\u011fi alan\u0131nda uzmanla\u015fm\u0131\u015f bir markad\u0131r.Treu Sports, profesyonel kul\u00fcplerden federasyonlara kadar [&hellip;]<\/p>\n","protected":false},"author":1,"featured_media":0,"parent":0,"menu_order":0,"comment_status":"closed","ping_status":"closed","template":"","meta":{"footnotes":""},"class_list":["post-17550","page","type-page","status-publish","hentry"],"_links":{"self":[{"href":"https:\/\/treutravel.com\/tr\/wp-json\/wp\/v2\/pages\/17550","targetHints":{"allow":["GET"]}}],"collection":[{"href":"https:\/\/treutravel.com\/tr\/wp-json\/wp\/v2\/pages"}],"about":[{"href":"https:\/\/treutravel.com\/tr\/wp-json\/wp\/v2\/types\/page"}],"author":[{"embeddable":true,"href":"https:\/\/treutravel.com\/tr\/wp-json\/wp\/v2\/users\/1"}],"replies":[{"embeddable":true,"href":"https:\/\/treutravel.com\/tr\/wp-json\/wp\/v2\/comments?post=17550"}],"version-history":[{"count":4,"href":"https:\/\/treutravel.com\/tr\/wp-json\/wp\/v2\/pages\/17550\/revisions"}],"predecessor-version":[{"id":17569,"href":"https:\/\/treutravel.com\/tr\/wp-json\/wp\/v2\/pages\/17550\/revisions\/17569"}],"wp:attachment":[{"href":"https:\/\/treutravel.com\/tr\/wp-json\/wp\/v2\/media?parent=17550"}],"curies":[{"name":"wp","href":"https:\/\/api.w.org\/{rel}","templated":true}]}}